{"id":684,"date":"2022-05-07T16:19:13","date_gmt":"2022-05-07T14:19:13","guid":{"rendered":"https:\/\/chantelou.3ooe.net\/access-map\/"},"modified":"2023-02-08T22:10:06","modified_gmt":"2023-02-08T21:10:06","slug":"access-map","status":"publish","type":"page","link":"https:\/\/chantelou.fr\/en\/access-map\/","title":{"rendered":"Access map"},"content":{"rendered":"<p>[et_pb_section fb_built=&#8221;1&#8243; _builder_version=&#8221;4.17.3&#8243; _module_preset=&#8221;default&#8221; global_colors_info=&#8221;{}&#8221;][et_pb_row _builder_version=&#8221;4.17.3&#8243; _module_preset=&#8221;default&#8221; global_colors_info=&#8221;{}&#8221;][et_pb_column type=&#8221;4_4&#8243; _builder_version=&#8221;4.17.3&#8243; _module_preset=&#8221;default&#8221; global_colors_info=&#8221;{}&#8221;][et_pb_text _builder_version=&#8221;4.17.3&#8243; _module_preset=&#8221;default&#8221; global_colors_info=&#8221;{}&#8221;]<\/p>\n<h2>Access map<\/h2>\n<p><span>G\u00eete de groupes Chantelou &#8211; Cadebaud &#8211; 63270 Sall\u00e8des &#8211; Auvergne<\/span><\/p>\n<p>[\/et_pb_text][et_pb_map address=&#8221;Cadebaud, 63270 Sall\u00e8des, France&#8221; _builder_version=&#8221;4.17.3&#8243; _module_preset=&#8221;default&#8221; hover_enabled=&#8221;0&#8243; global_colors_info=&#8221;{}&#8221; address_lat=&#8221;45.6668434&#8243; address_lng=&#8221;3.2986149&#8243; zoom_level=&#8221;10&#8243; sticky_enabled=&#8221;0&#8243;][et_pb_map_pin _builder_version=&#8221;4.17.3&#8243; _module_preset=&#8221;default&#8221; title=&#8221;Chantelou&#8221; pin_address=&#8221;Cadebaud, 63270 Sall\u00e8des, France&#8221; pin_address_lat=&#8221;45.6668434&#8243; pin_address_lng=&#8221;3.2986149&#8243; zoom_level=&#8221;7&#8243; hover_enabled=&#8221;0&#8243; sticky_enabled=&#8221;0&#8243;]<\/p>\n<p><span>G\u00eete de groupes Chantelou &#8211; Cadebaud &#8211; 63270 Sall\u00e8des &#8211; Auvergne<\/span><\/p>\n<p>[\/et_pb_map_pin][\/et_pb_map][\/et_pb_column][\/et_pb_row][\/et_pb_section]<\/p>\n","protected":false},"excerpt":{"rendered":"<p>Access map G\u00eete de groupes Chantelou &#8211; Cadebaud &#8211; 63270 Sall\u00e8des &#8211; AuvergneG\u00eete de groupes Chantelou &#8211; Cadebaud &#8211; 63270 Sall\u00e8des &#8211; Auvergne<\/p>\n","protected":false},"author":1,"featured_media":0,"parent":0,"menu_order":0,"comment_status":"closed","ping_status":"closed","template":"","meta":{"_et_pb_use_builder":"on","_et_pb_old_content":"","_et_gb_content_width":"","footnotes":""},"class_list":["post-684","page","type-page","status-publish","hentry"],"_links":{"self":[{"href":"https:\/\/chantelou.fr\/en\/wp-json\/wp\/v2\/pages\/684","targetHints":{"allow":["GET"]}}],"collection":[{"href":"https:\/\/chantelou.fr\/en\/wp-json\/wp\/v2\/pages"}],"about":[{"href":"https:\/\/chantelou.fr\/en\/wp-json\/wp\/v2\/types\/page"}],"author":[{"embeddable":true,"href":"https:\/\/chantelou.fr\/en\/wp-json\/wp\/v2\/users\/1"}],"replies":[{"embeddable":true,"href":"https:\/\/chantelou.fr\/en\/wp-json\/wp\/v2\/comments?post=684"}],"version-history":[{"count":2,"href":"https:\/\/chantelou.fr\/en\/wp-json\/wp\/v2\/pages\/684\/revisions"}],"predecessor-version":[{"id":686,"href":"https:\/\/chantelou.fr\/en\/wp-json\/wp\/v2\/pages\/684\/revisions\/686"}],"wp:attachment":[{"href":"https:\/\/chantelou.fr\/en\/wp-json\/wp\/v2\/media?parent=684"}],"curies":[{"name":"wp","href":"https:\/\/api.w.org\/{rel}","templated":true}]}}